{"id":106,"date":"2015-04-06T18:33:43","date_gmt":"2015-04-06T16:33:43","guid":{"rendered":"http:\/\/lyngenalps.skizo.ch\/?page_id=106"},"modified":"2015-05-11T01:19:51","modified_gmt":"2015-05-10T23:19:51","slug":"karte","status":"publish","type":"page","link":"https:\/\/lyngenalps.skizo.ch\/?page_id=106","title":{"rendered":"Karten"},"content":{"rendered":"<p>Die Lyngen Alps liegen in der nordnorwegischen Provinz Troms auf der Lyngenhalbinsel &#8211; etwas mehr als 300 km n\u00f6rdlich des Polarkreises. Das Gebirge erstreckt sich \u00fcber ca. 90 km und ist 15 bis 20 km breit. Die steilen Berge ragen direkt aus den Fjorden bis \u00fcber 1800 Meter empor. Dies erm\u00f6glicht Skitouren ab Meeresh\u00f6he.<\/p>\n<div class=\"wpgmza-store-locator wpgmza_sl_main_div\">\n\t<div class=\"wpgmza-address-container wpgmza-form-field wpgmza_sl_query_div wpgmza-clearfix\">\n\t\t<label class=\"wpgmza-address wpgmza-form-field__label wpgmza-form-field__label--float\" data-name=\"addressLabel\" for=\"addressInput\">ZIP \/ Address:<\/label>\n\t\t<input class=\"wpgmza-address\" type=\"text\" placeholder=\"Enter a location\" autocomplete=\"off\" data-name=\"defaultAddress\" value=\"\" id=\"addressInput\" size=\"20\">\n\t<\/div>\n\t\n\t<div class=\"wpgmza-radius-container wpgmza-form-field wpgmza_sl_radius_div wpgmza-clearfix\">\n\t\t<label class=\"wpgmza-radius wpgmza-form-field__label wpgmza-form-field__label--float\" for=\"radiusSelect\">\n\t\t\tRadius:\t\t<\/label>\n\t\t<select class=\"wpgmza-radius wpgmza-form-field__input wpgmza_sl_radius_select\" id=\"radiusSelect\"><option class=\"wpgmza-radius wpgmza_sl_select_option\" value=\"1\">1mi<\/option><option class=\"wpgmza-radius wpgmza_sl_select_option\" value=\"5\">5mi<\/option><option class=\"wpgmza-radius wpgmza_sl_select_option\" value=\"10\" selected>10mi<\/option><option class=\"wpgmza-radius wpgmza_sl_select_option\" value=\"25\">25mi<\/option><option class=\"wpgmza-radius wpgmza_sl_select_option\" value=\"50\">50mi<\/option><option class=\"wpgmza-radius wpgmza_sl_select_option\" value=\"75\">75mi<\/option><option class=\"wpgmza-radius wpgmza_sl_select_option\" value=\"100\">100mi<\/option><option class=\"wpgmza-radius wpgmza_sl_select_option\" value=\"150\">150mi<\/option><option class=\"wpgmza-radius wpgmza_sl_select_option\" value=\"200\">200mi<\/option><option class=\"wpgmza-radius wpgmza_sl_select_option\" value=\"300\">300mi<\/option><\/select>\n\t<\/div>\n\t\n\t<input class=\"wpgmza-search wpgmza_sl_search_button wpgmza_sl_search_button_1\" value=\"Suche\" type=\"button\" onclick=\"searchLocations(1)\">\n\t\n\t<div class=\"wpgmza-no-results wpgmza-not-found-msg js-not-found-msg\" style=\"display: none;\">\n\t\t<p data-name=\"notFoundMessage\">No results found in this location. Please try again.<\/p>\n\t<\/div>\n<\/div><div id=\"wpgmza_map\" class=\"wpgmza_map\" data-settings='{\"id\":\"1\",\"map_title\":\"Lyngen Alps\",\"map_width\":\"100\",\"map_height\":\"400\",\"map_start_lat\":\"69.675831\",\"map_start_lng\":\"19.70781\",\"map_start_location\":\"69.67583148057932,19.707810429687445\",\"map_start_zoom\":\"7\",\"default_marker\":\"0\",\"type\":\"1\",\"alignment\":\"1\",\"directions_enabled\":\"1\",\"styling_enabled\":\"0\",\"styling_json\":\"\",\"active\":\"0\",\"kml\":\"\",\"bicycle\":\"0\",\"traffic\":\"0\",\"dbox\":\"1\",\"dbox_width\":\"250\",\"listmarkers\":\"0\",\"listmarkers_advanced\":\"0\",\"filterbycat\":\"0\",\"ugm_enabled\":\"0\",\"ugm_category_enabled\":\"0\",\"fusion\":\"\",\"map_width_type\":\"%\",\"map_height_type\":\"px\",\"mass_marker_support\":\"1\",\"ugm_access\":\"0\",\"order_markers_by\":\"0\",\"order_markers_choice\":\"0\",\"show_user_location\":\"0\",\"default_to\":\"\",\"other_settings\":{\"store_locator_enabled\":true,\"store_locator_distance\":true,\"store_locator_bounce\":1,\"store_locator_query_string\":\"\",\"wpgmza_store_locator_restrict\":\"\",\"map_max_zoom\":\"3\",\"weather_layer\":2,\"weather_layer_temp_type\":1,\"cloud_layer\":2,\"transport_layer\":false,\"action\":\"wpgmza_save_map\",\"redirect_to\":\"\\\/wp-admin\\\/admin-post.php\",\"map_id\":\"1\",\"http_referer\":\"\\\/wp-admin\\\/admin.php?page=wp-google-maps-menu&amp;action=edit&amp;map_id=1\",\"wpgmza_id\":\"1\",\"wpgmza_start_location\":\"69.675831,19.70781\",\"wpgmza_start_zoom\":\"7\",\"store_locator_search_area\":\"radial\",\"wpgmza_store_locator_radius_style\":\"legacy\",\"wpgmza_store_locator_default_radius\":\"10\",\"store_locator_auto_area_max_zoom\":\"\",\"wpgmza_store_locator_position\":false,\"store_locator_show_distance\":false,\"store_locator_category\":false,\"wpgmza_store_locator_use_their_location\":false,\"wpgmza_store_locator_bounce\":false,\"wpgmza_sl_animation\":null,\"wpgmza_store_locator_hide_before_search\":false,\"store_locator_default_address\":\"\",\"store_locator_name_search\":false,\"store_locator_name_string\":\"\",\"store_locator_not_found_message\":\"\",\"sl_stroke_color\":\"\",\"sl_stroke_opacity\":\"\",\"sl_fill_color\":\"\",\"sl_fill_opacity\":\"\",\"wpgmza_map_align\":\"1\",\"jump_to_nearest_marker_on_initialization\":false,\"automatically_pan_to_users_location\":false,\"override_users_location_zoom_level\":false,\"override_users_location_zoom_levels\":\"\",\"show_distance_from_location\":false,\"map_min_zoom\":\"0\",\"click_open_link\":false,\"fit_maps_bounds_to_markers\":false,\"fit_maps_bounds_to_markers_after_filtering\":false,\"hide_point_of_interest\":false,\"wpgmza_zoom_on_marker_click\":false,\"wpgmza_zoom_on_marker_click_slider\":\"\",\"close_infowindow_on_map_click\":false,\"disable_lightbox_images\":false,\"use_Raw_Jpeg_Coordinates\":false,\"polygon_labels\":false,\"disable_polygon_info_windows\":false,\"enable_marker_ratings\":false,\"only_load_markers_within_viewport\":false,\"iw_primary_color\":\"\",\"iw_accent_color\":\"\",\"iw_text_color\":\"\",\"wpgmza_listmarkers_by\":\"0\",\"wpgmza_marker_listing_position\":false,\"datatable_no_result_message\":\"\",\"remove_search_box_datables\":false,\"dataTable_pagination_style\":null,\"datatable_search_string\":\"\",\"datatable_result_start\":\"\",\"datatable_result_of\":\"\",\"datatable_result_to\":\"\",\"datatable_result_total\":\"\",\"datatable_result_show\":\"\",\"datatable_result_entries\":\"\",\"wpgmza_savemap\":\"Karte speichern \\u00bb\"}}' data-map-id='1' Data-maps-engine='open-layers' data-shortcode-attributes='{\"id\":\"1\"}' style=\"display:block; overflow:auto; width:100%; height:400px; float:left;\"><\/div>\n<p>&nbsp;<\/p>\n<h3>\u00dcbersicht der 8 Tourentage<\/h3>\n<figure id=\"attachment_744\" aria-describedby=\"caption-attachment-744\" style=\"width: 843px\" class=\"wp-caption alignnone\"><a href=\"http:\/\/lyngenalps.skizo.ch\/wp-content\/uploads\/2015\/05\/tourenuebersicht.jpg\"><img loading=\"lazy\" class=\"wp-image-744 size-full\" src=\"http:\/\/lyngenalps.skizo.ch\/wp-content\/uploads\/2015\/05\/tourenuebersicht.jpg\" alt=\"\u00dcbersichtskarte der 8 Tourentage\" width=\"843\" height=\"595\" \/><\/a><figcaption id=\"caption-attachment-744\" class=\"wp-caption-text\">Karte digitalisiert von Anita D.<\/figcaption><\/figure>\n<ol>\n<li><a href=\"..\/#post-131\">Daltinden (1533 m)<\/a><\/li>\n<li><a href=\"..\/#post-160\">Giilav\u00e1rri (1163 m)<\/a><\/li>\n<li><a href=\"..\/#post-223\">Storgalten (1219 m) \/ Russelvfjellet (818 m)<\/a><\/li>\n<li><a href=\"..\/#post-245\">Kjostinden (1488 m)<\/a><\/li>\n<li><a href=\"..\/#post-255\">Jiekkev\u00e1rri (1834 m)<\/a><\/li>\n<li><a href=\"..\/#post-293\">Langdalstindane (1580 m)<\/a><\/li>\n<li><a href=\"..\/#post-325\">Stortinden (1320 m)<\/a><\/li>\n<li><a href=\"..\/#post-364\">Store Hollendaren (1017 m)<\/a><\/li>\n<\/ol>\n","protected":false},"excerpt":{"rendered":"<p>Die Lyngen Alps liegen in der nordnorwegischen Provinz Troms auf der Lyngenhalbinsel &#8211; etwas mehr als 300 km n\u00f6rdlich des Polarkreises. Das Gebirge erstreckt sich \u00fcber ca. 90 km und ist 15 bis 20 km breit. Die steilen Berge ragen direkt aus den Fjorden bis \u00fcber 1800 Meter empor. Dies erm\u00f6glicht Skitouren ab Meeresh\u00f6he. &nbsp; &hellip; <a href=\"https:\/\/lyngenalps.skizo.ch\/?page_id=106\" class=\"more-link\"><span class=\"screen-reader-text\">Karten<\/span> weiterlesen<\/a><\/p>\n","protected":false},"author":1,"featured_media":813,"parent":0,"menu_order":2,"comment_status":"closed","ping_status":"closed","template":"","meta":[],"_links":{"self":[{"href":"https:\/\/lyngenalps.skizo.ch\/index.php?rest_route=\/wp\/v2\/pages\/106"}],"collection":[{"href":"https:\/\/lyngenalps.skizo.ch\/index.php?rest_route=\/wp\/v2\/pages"}],"about":[{"href":"https:\/\/lyngenalps.skizo.ch\/index.php?rest_route=\/wp\/v2\/types\/page"}],"author":[{"embeddable":true,"href":"https:\/\/lyngenalps.skizo.ch\/index.php?rest_route=\/wp\/v2\/users\/1"}],"replies":[{"embeddable":true,"href":"https:\/\/lyngenalps.skizo.ch\/index.php?rest_route=%2Fwp%2Fv2%2Fcomments&post=106"}],"version-history":[{"count":13,"href":"https:\/\/lyngenalps.skizo.ch\/index.php?rest_route=\/wp\/v2\/pages\/106\/revisions"}],"predecessor-version":[{"id":755,"href":"https:\/\/lyngenalps.skizo.ch\/index.php?rest_route=\/wp\/v2\/pages\/106\/revisions\/755"}],"wp:featuredmedia":[{"embeddable":true,"href":"https:\/\/lyngenalps.skizo.ch\/index.php?rest_route=\/wp\/v2\/media\/813"}],"wp:attachment":[{"href":"https:\/\/lyngenalps.skizo.ch\/index.php?rest_route=%2Fwp%2Fv2%2Fmedia&parent=106"}],"curies":[{"name":"wp","href":"https:\/\/api.w.org\/{rel}","templated":true}]}}