{"id":91,"date":"2015-04-03T19:55:32","date_gmt":"2015-04-03T17:55:32","guid":{"rendered":"http:\/\/lyngenalps.skizo.ch\/?page_id=91"},"modified":"2021-06-05T20:56:46","modified_gmt":"2021-06-05T18:56:46","slug":"links","status":"publish","type":"page","link":"https:\/\/lyngenalps.skizo.ch\/?page_id=91","title":{"rendered":"Links"},"content":{"rendered":"<p><a title=\"Bergf\u00fchrer Manfred Inniger\" href=\"http:\/\/www.die-berge-erleben.ch\" target=\"_blank\" rel=\"noopener\"><strong>www.die-berge-erleben.ch<\/strong><\/a><\/p>\n<p>Bergf\u00fchrer Manfred Inniger<\/p>\n<hr \/>\n<p><strong><a title=\"Wetterbericht Norwegen\" href=\"http:\/\/www.yr.no\" target=\"_blank\" rel=\"noopener\">www.yr.no<\/a><\/strong><\/p>\n<p>Wetterbericht f\u00fcr Norwegen<\/p>\n<hr \/>\n<p><strong><a title=\"Schnee und Wetter in Norwegen\" href=\"http:\/\/www.senorge.no\" target=\"_blank\" rel=\"noopener\">www.senorge.no<\/a><\/strong><\/p>\n<p>T\u00e4glich aktualisierte Karten \u00fcber Schnee- und Wetterverh\u00e4ltnisse in Norwegen &#8211; und vieles mehr<\/p>\n<hr \/>\n<p><strong><a href=\"http:\/\/www.norgeskart.no\" target=\"_blank\" rel=\"noopener\">www.norgeskart.no<\/a><\/strong><\/p>\n<p>Onlinekarte Norwegens vom staatlichen <a href=\"http:\/\/kartverket.no\/en\" target=\"_blank\" rel=\"noopener\">Amt f\u00fcr Kartographie<\/a><\/p>\n<hr \/>\n<p><a title=\"Lawinenbulletin Norwegen\" href=\"http:\/\/www.varsom.no\/en\" target=\"_blank\" rel=\"noopener\"><strong>\u00a0www.varsom.no<\/strong><\/a><\/p>\n<p>Lawinenbulletin f\u00fcr Norwegen<\/p>\n<hr \/>\n<p><strong><a href=\"http:\/\/skredkart.ngi.no\" target=\"_blank\" rel=\"noopener\">skredkart.ngi.no<\/a><\/strong><\/p>\n<p>Lawinengefahrenkarte mit Angaben zur Hangneigung<\/p>\n<hr \/>\n<p><strong><a title=\"Haus Lyngseidet\" href=\"https:\/\/www.airbnb.de\/rooms\/27362933?source_impression_id=p3_1622918934_E0yywthHYSkPFUeH&amp;guests=1&amp;adults=1\" target=\"_blank\" rel=\"noopener\">Larsvoll G\u00e5rd<\/a><\/strong><\/p>\n<p>Unterkunft in Lyngseidet<\/p>\n","protected":false},"excerpt":{"rendered":"<p>www.die-berge-erleben.ch Bergf\u00fchrer Manfred Inniger www.yr.no Wetterbericht f\u00fcr Norwegen www.senorge.no T\u00e4glich aktualisierte Karten \u00fcber Schnee- und Wetterverh\u00e4ltnisse in Norwegen &#8211; und vieles mehr www.norgeskart.no Onlinekarte Norwegens vom staatlichen Amt f\u00fcr Kartographie \u00a0www.varsom.no Lawinenbulletin f\u00fcr Norwegen skredkart.ngi.no Lawinengefahrenkarte mit Angaben zur Hangneigung Larsvoll G\u00e5rd Unterkunft in Lyngseidet<\/p>\n","protected":false},"author":1,"featured_media":818,"parent":0,"menu_order":3,"comment_status":"closed","ping_status":"closed","template":"","meta":[],"_links":{"self":[{"href":"https:\/\/lyngenalps.skizo.ch\/index.php?rest_route=\/wp\/v2\/pages\/91"}],"collection":[{"href":"https:\/\/lyngenalps.skizo.ch\/index.php?rest_route=\/wp\/v2\/pages"}],"about":[{"href":"https:\/\/lyngenalps.skizo.ch\/index.php?rest_route=\/wp\/v2\/types\/page"}],"author":[{"embeddable":true,"href":"https:\/\/lyngenalps.skizo.ch\/index.php?rest_route=\/wp\/v2\/users\/1"}],"replies":[{"embeddable":true,"href":"https:\/\/lyngenalps.skizo.ch\/index.php?rest_route=%2Fwp%2Fv2%2Fcomments&post=91"}],"version-history":[{"count":12,"href":"https:\/\/lyngenalps.skizo.ch\/index.php?rest_route=\/wp\/v2\/pages\/91\/revisions"}],"predecessor-version":[{"id":845,"href":"https:\/\/lyngenalps.skizo.ch\/index.php?rest_route=\/wp\/v2\/pages\/91\/revisions\/845"}],"wp:featuredmedia":[{"embeddable":true,"href":"https:\/\/lyngenalps.skizo.ch\/index.php?rest_route=\/wp\/v2\/media\/818"}],"wp:attachment":[{"href":"https:\/\/lyngenalps.skizo.ch\/index.php?rest_route=%2Fwp%2Fv2%2Fmedia&parent=91"}],"curies":[{"name":"wp","href":"https:\/\/api.w.org\/{rel}","templated":true}]}}